{"id":6082,"date":"2023-04-10T14:18:03","date_gmt":"2023-04-10T12:18:03","guid":{"rendered":"http:\/\/ithelp.center\/?page_id=6082"},"modified":"2025-02-18T23:22:01","modified_gmt":"2025-02-18T22:22:01","slug":"wyszukiwanie-kontaktow","status":"publish","type":"page","link":"https:\/\/ithelp.center\/de\/wyszukiwanie-kontaktow\/","title":{"rendered":"Wyszukiwanie Kontakt\u00f3w"},"content":{"rendered":"<div data-elementor-type=\"wp-page\" data-elementor-id=\"6082\" class=\"elementor elementor-6082\" data-elementor-post-type=\"page\">\n\t\t\t\t\t\t<section class=\"elementor-section elementor-top-section elementor-element elementor-element-3ff4adef elementor-section-boxed elementor-section-height-default elementor-section-height-default\" data-id=\"3ff4adef\" data-element_type=\"section\" data-e-type=\"section\">\n\t\t\t\t\t\t<div class=\"elementor-container elementor-column-gap-default\">\n\t\t\t\t\t<div class=\"elementor-column elementor-col-100 elementor-top-column elementor-element elementor-element-4b3c076f\" data-id=\"4b3c076f\" data-element_type=\"column\" data-e-type=\"column\">\n\t\t\t<div class=\"elementor-widget-wrap elementor-element-populated\">\n\t\t\t\t\t\t<div class=\"elementor-element elementor-element-ac31a6b elementor-widget elementor-widget-heading\" data-id=\"ac31a6b\" data-element_type=\"widget\" data-e-type=\"widget\" data-widget_type=\"heading.default\">\n\t\t\t\t<div class=\"elementor-widget-container\">\n\t\t\t\t\t<h1 class=\"elementor-heading-title elementor-size-default\">Wyszukiwanie kontakt\u00f3w dla firm.<\/h1>\t\t\t\t<\/div>\n\t\t\t\t<\/div>\n\t\t\t\t<div class=\"elementor-element elementor-element-259ac4a2 elementor-widget elementor-widget-text-editor\" data-id=\"259ac4a2\" data-element_type=\"widget\" data-e-type=\"widget\" data-widget_type=\"text-editor.default\">\n\t\t\t\t<div class=\"elementor-widget-container\">\n\t\t\t\t\t\t\t\t\t\n<p>Serwis wyszukiwania kontakt\u00f3w biznesowych oferowany przez ithelp.center to innowacyjne rozwi\u0105zanie dedykowane dla firm i przedsi\u0119biorc\u00f3w, kt\u00f3re poszukuj\u0105 nowych kontakt\u00f3w handlowych, partner\u00f3w biznesowych lub potencjalnych klient\u00f3w w okre\u015blonej grupie docelowej. Dzi\u0119ki temu serwisowi, u\u017cytkownicy maj\u0105 dost\u0119p do precyzyjnie dobranej bazy danych zawieraj\u0105cej informacje kontaktowe, takie jak adresy e-mail, numery telefon\u00f3w, nazwy firm, bran\u017ce, czy lokalizacje.<\/p>\n\n<p>Kluczowe funkcje serwisu wyszukiwania kontakt\u00f3w biznesowych oferowanego przez ithelp.center:<\/p>\n\n<ol class=\"wp-block-list\">\n<li>Precyzyjne filtrowanie kontakt\u00f3w: Serwis pozwala na zaawansowane filtrowanie wynik\u00f3w wyszukiwania, dzi\u0119ki czemu mo\u017cna \u0142atwo dotrze\u0107 do kontakt\u00f3w z okre\u015blonej bran\u017cy, lokalizacji czy o okre\u015blonym obrocie. U\u017cytkownicy mog\u0105 te\u017c wprowadza\u0107 w\u0142asne kryteria wyszukiwania, aby bardziej sprecyzowa\u0107 swoje zapytania.<\/li>\n\n<li>Aktualno\u015b\u0107 danych: Baza danych kontakt\u00f3w jest regularnie aktualizowana, co gwarantuje, \u017ce informacje s\u0105 \u015bwie\u017ce i wiarygodne. Tym samym, minimalizuje si\u0119 ryzyko kontaktowania si\u0119 z nieistniej\u0105cymi lub nieaktywnymi firmami.<\/li>\n\n<li>Dostosowanie do potrzeb klienta: Serwis mo\u017ce by\u0107 dostosowany do indywidualnych potrzeb klienta poprzez personalizacj\u0119 interfejsu oraz funkcji. Klienci mog\u0105 r\u00f3wnie\u017c korzysta\u0107 z wsparcia eksperckiego, kt\u00f3re pomo\u017ce im zoptymalizowa\u0107 proces wyszukiwania kontakt\u00f3w.<\/li>\n\n<li>Bezpiecze\u0144stwo danych: ithelp.center dba o prywatno\u015b\u0107 i bezpiecze\u0144stwo swoich klient\u00f3w, stosuj\u0105c najnowsze technologie zabezpieczaj\u0105ce oraz zgodne z przepisami o ochronie danych osobowych.<\/li>\n\n<li>\u0141atwo\u015b\u0107 integracji: Serwis mo\u017cna \u0142atwo zintegrowa\u0107 z istniej\u0105cymi systemami CRM, co pozwala na szybkie i sprawne zarz\u0105dzanie kontaktami biznesowymi.<\/li>\n\n<li>Pomoc techniczna i wsparcie: ithelp.center oferuje wsparcie techniczne oraz doradztwo w zakresie korzystania z serwisu, pomagaj\u0105c klientom uzyska\u0107 jak najwi\u0119cej korzy\u015bci z jego funkcji.<\/li>\n<\/ol>\n\n<p>Dzi\u0119ki serwisowi wyszukiwania kontakt\u00f3w biznesowych oferowanemu przez ithelp.center, przedsi\u0119biorcy mog\u0105 skuteczniej nawi\u0105zywa\u0107 relacje biznesowe, pozyskiwa\u0107 nowych klient\u00f3w oraz rozwija\u0107 swoj\u0105 dzia\u0142alno\u015b\u0107 na rynku.<\/p>\n\t\t\t\t\t\t\t\t<\/div>\n\t\t\t\t<\/div>\n\t\t\t\t\t<\/div>\n\t\t<\/div>\n\t\t\t\t\t<\/div>\n\t\t<\/section>\n\t\t\t\t<\/div>","protected":false},"excerpt":{"rendered":"<p>Wyszukiwanie kontakt\u00f3w dla firm. Serwis wyszukiwania kontakt\u00f3w biznesowych oferowany przez ithelp.center to innowacyjne rozwi\u0105zanie dedykowane dla firm i przedsi\u0119biorc\u00f3w, kt\u00f3re poszukuj\u0105 nowych kontakt\u00f3w handlowych, partner\u00f3w biznesowych lub potencjalnych klient\u00f3w w okre\u015blonej grupie docelowej. Dzi\u0119ki temu serwisowi, u\u017cytkownicy maj\u0105 dost\u0119p do precyzyjnie dobranej bazy danych zawieraj\u0105cej informacje kontaktowe, takie jak adresy e-mail, numery telefon\u00f3w, nazwy firm, [&hellip;]<\/p>\n","protected":false},"author":1,"featured_media":0,"parent":0,"menu_order":0,"comment_status":"closed","ping_status":"closed","template":"","meta":{"footnotes":""},"class_list":["post-6082","page","type-page","status-publish","hentry"],"rttpg_featured_image_url":null,"rttpg_author":{"display_name":"Administrator","author_link":"https:\/\/ithelp.center\/de\/author\/administrator\/"},"rttpg_comment":0,"rttpg_category":null,"rttpg_excerpt":"Wyszukiwanie kontakt\u00f3w dla firm. Serwis wyszukiwania kontakt\u00f3w biznesowych oferowany przez ithelp.center to innowacyjne rozwi\u0105zanie dedykowane dla firm i przedsi\u0119biorc\u00f3w, kt\u00f3re poszukuj\u0105 nowych kontakt\u00f3w handlowych, partner\u00f3w biznesowych lub potencjalnych klient\u00f3w w okre\u015blonej grupie docelowej. Dzi\u0119ki temu serwisowi, u\u017cytkownicy maj\u0105 dost\u0119p do precyzyjnie dobranej bazy danych zawieraj\u0105cej informacje kontaktowe, takie jak adresy e-mail, numery telefon\u00f3w, nazwy firm,&hellip;","_links":{"self":[{"href":"https:\/\/ithelp.center\/de\/wp-json\/wp\/v2\/pages\/6082","targetHints":{"allow":["GET"]}}],"collection":[{"href":"https:\/\/ithelp.center\/de\/wp-json\/wp\/v2\/pages"}],"about":[{"href":"https:\/\/ithelp.center\/de\/wp-json\/wp\/v2\/types\/page"}],"author":[{"embeddable":true,"href":"https:\/\/ithelp.center\/de\/wp-json\/wp\/v2\/users\/1"}],"replies":[{"embeddable":true,"href":"https:\/\/ithelp.center\/de\/wp-json\/wp\/v2\/comments?post=6082"}],"version-history":[{"count":1,"href":"https:\/\/ithelp.center\/de\/wp-json\/wp\/v2\/pages\/6082\/revisions"}],"predecessor-version":[{"id":14819,"href":"https:\/\/ithelp.center\/de\/wp-json\/wp\/v2\/pages\/6082\/revisions\/14819"}],"wp:attachment":[{"href":"https:\/\/ithelp.center\/de\/wp-json\/wp\/v2\/media?parent=6082"}],"curies":[{"name":"wp","href":"https:\/\/api.w.org\/{rel}","templated":true}]}}