{"id":13991,"date":"2024-12-27T20:20:35","date_gmt":"2024-12-27T19:20:35","guid":{"rendered":"https:\/\/ithelp.center\/pozycjonowanie-poznan\/"},"modified":"2024-12-27T20:20:35","modified_gmt":"2024-12-27T19:20:35","slug":"pozycjonowanie-poznan","status":"publish","type":"page","link":"https:\/\/ithelp.center\/en\/pozycjonowanie-poznan\/","title":{"rendered":"Pozycjonowanie \u2013 Pozna\u0144"},"content":{"rendered":"\t\t<div data-elementor-type=\"wp-post\" data-elementor-id=\"13991\" class=\"elementor elementor-13991\" data-elementor-post-type=\"page\">\n\t\t\t\t\t\t<section class=\"elementor-section elementor-top-section elementor-element elementor-element-5d2cec94 elementor-section-boxed elementor-section-height-default elementor-section-height-default wpr-particle-no wpr-jarallax-no wpr-parallax-no wpr-sticky-section-no\" data-id=\"5d2cec94\" data-element_type=\"section\" data-e-type=\"section\">\n\t\t\t\t\t\t<div class=\"elementor-container elementor-column-gap-default\">\n\t\t\t\t\t<div class=\"elementor-column elementor-col-100 elementor-top-column elementor-element elementor-element-23bcd5c3\" data-id=\"23bcd5c3\" data-element_type=\"column\" data-e-type=\"column\">\n\t\t\t<div class=\"elementor-widget-wrap elementor-element-populated\">\n\t\t\t\t\t\t<div class=\"elementor-element elementor-element-4550a3 elementor-widget elementor-widget-heading\" data-id=\"4550a3\" data-element_type=\"widget\" data-e-type=\"widget\" data-widget_type=\"heading.default\">\n\t\t\t\t<div class=\"elementor-widget-container\">\n\t\t\t\t\t<h2 class=\"elementor-heading-title elementor-size-default\">Pozycjonowanie Stron Pozna\u0144<\/h2>\t\t\t\t<\/div>\n\t\t\t\t<\/div>\n\t\t\t\t\t<\/div>\n\t\t<\/div>\n\t\t\t\t\t<\/div>\n\t\t<\/section>\n\t\t\t\t<section class=\"elementor-section elementor-top-section elementor-element elementor-element-4aa50649 elementor-section-boxed elementor-section-height-default elementor-section-height-default wpr-particle-no wpr-jarallax-no wpr-parallax-no wpr-sticky-section-no\" data-id=\"4aa50649\" data-element_type=\"section\" data-e-type=\"section\">\n\t\t\t\t\t\t<div class=\"elementor-container elementor-column-gap-default\">\n\t\t\t\t\t<div class=\"elementor-column elementor-col-100 elementor-top-column elementor-element elementor-element-1aaf5568\" data-id=\"1aaf5568\" data-element_type=\"column\" data-e-type=\"column\">\n\t\t\t<div class=\"elementor-widget-wrap elementor-element-populated\">\n\t\t\t\t\t\t<div class=\"elementor-element elementor-element-22a9486 elementor-widget elementor-widget-text-editor\" data-id=\"22a9486\" data-element_type=\"widget\" data-e-type=\"widget\" data-widget_type=\"text-editor.default\">\n\t\t\t\t<div class=\"elementor-widget-container\">\n\t\t\t\t\t\t\t\t\t<p>Pozycjonowanie stron Pozna\u0144 niesie za sob\u0105 wysokie pozycje w wynikach wyszukiwarek jest kluczowe dla wzrostu. W IT Help Center specjalizujemy si\u0119 w optymalizacji stron internetowych dla firm dzia\u0142aj\u0105cych na Pozna\u0144 rynku. Nasz zesp\u00f3\u0142 do\u015bwiadczonych specjalist\u00f3w SEO (Search Engine Optimization) ma imponuj\u0105cy dorobek w pomaganiu lokalnym przedsi\u0119biorstwom z r\u00f3\u017cnych sektor\u00f3w w zdobywaniu wy\u017cszych pozycji w wynikach wyszukiwania. Korzystaj\u0105c z naszych us\u0142ug pozycjonowania w Pozna\u0144, zwi\u0119kszasz swoj\u0105 widoczno\u015b\u0107 w Internecie, przyci\u0105gasz wi\u0119ksz\u0105 liczb\u0119 potencjalnych klient\u00f3w i nap\u0119dzasz rozw\u00f3j swojego biznesu.<\/p><p>Dlaczego warto wybra\u0107 IT Help Center:<\/p><ol><li><p>Lokalna wiedza: Posiadaj\u0105c dog\u0142\u0119bne zrozumienie unikalnych aspekt\u00f3w Pozna\u0144 rynku, jeste\u015bmy biegli w dostosowywaniu si\u0119 do potrzeb lokalnych przedsi\u0119biorstw. Nasza znajomo\u015b\u0107 subtelno\u015bci rynku i konkurencji pozwala nam opracowywa\u0107 spersonalizowane strategie SEO, kt\u00f3re odpowiadaj\u0105 na konkretne wymagania Twojej firmy.<\/p><\/li><li><p>Wszechstronne us\u0142ugi SEO: Nasze holistyczne podej\u015bcie do SEO obejmuje zar\u00f3wno techniczne aspekty optymalizacji strony internetowej, jak i tworzenie wysokiej jako\u015bci, anga\u017cuj\u0105cych tre\u015bci. Ta zr\u00f3wnowa\u017cona strategia przyci\u0105ga potencjalnych klient\u00f3w, jednocze\u015bnie przestrzegaj\u0105c najwy\u017cszych standard\u00f3w etycznych w pozycjonowaniu stron.<\/p><\/li><li><p>Transparentno\u015b\u0107 i otwarta komunikacja: W IT Help Center k\u0142adziemy nacisk na rozwijanie przejrzystych kana\u0142\u00f3w komunikacji z naszymi klientami. Dostarczaj\u0105c regularne raporty z post\u0119p\u00f3w w pozycjonowaniu, oferujemy pe\u0142n\u0105 przejrzysto\u015b\u0107 i umo\u017cliwiamy Ci kontrolowanie i kierowanie rozwojem swojej strony internetowej.<\/p><\/li><li><p>Indywidualne rozwi\u0105zania: Uznaj\u0105c indywidualny charakter ka\u017cdej firmy, opracowujemy spersonalizowane strategie SEO, kt\u00f3re s\u0105 zgodne z konkretnymi potrzebami i celami ka\u017cdego klienta. Nasza szczeg\u00f3\u0142owa analiza Twojej strony internetowej, konkurent\u00f3w oraz rynku pozwala nam opracowa\u0107 najbardziej skuteczny i ukierunkowany plan dzia\u0142ania.<\/p><\/li><li><p>Gwarancja zadowolenia: Twoje zadowolenie jest dla nas priorytetem, dlatego oferujemy gwarancj\u0119 satysfakcji. Je\u015bli nie osi\u0105gniemy ustalonych cel\u00f3w pozycjonowania w okre\u015blonym czasie, zwr\u00f3cimy Ci pieni\u0105dze.<\/p><\/li><\/ol><p>W skr\u00f3cie, bieg\u0142e pozycjonowanie stron internetowych w Pozna\u0144 jest niezb\u0119dne dla sukcesu Twojej firmy w sieci. Wsp\u00f3\u0142pracuj\u0105c z IT Help Center i korzystaj\u0105c z naszych profesjonalnych us\u0142ug, mo\u017cesz znacz\u0105co zwi\u0119kszy\u0107 swoj\u0105 obecno\u015b\u0107 w internecie, dotrze\u0107 do szerszej publiczno\u015bci oraz osi\u0105gn\u0105\u0107 wy\u017csze pozycje w wynikach wyszukiwania. Skontaktuj si\u0119 z nami ju\u017c dzi\u015b, aby rozpocz\u0105\u0107 przemieniaj\u0105c\u0105 podr\u00f3\u017c ku czerpaniu licznych korzy\u015bci z naszej wiedzy i do\u015bwiadczenia.<\/p>\t\t\t\t\t\t\t\t<\/div>\n\t\t\t\t<\/div>\n\t\t\t\t\t<\/div>\n\t\t<\/div>\n\t\t\t\t\t<\/div>\n\t\t<\/section>\n\t\t\t\t<section class=\"elementor-section elementor-top-section elementor-element elementor-element-7a35fdb8 elementor-section-boxed elementor-section-height-default elementor-section-height-default wpr-particle-no wpr-jarallax-no wpr-parallax-no wpr-sticky-section-no\" data-id=\"7a35fdb8\" data-element_type=\"section\" data-e-type=\"section\">\n\t\t\t\t\t\t<div class=\"elementor-container elementor-column-gap-default\">\n\t\t\t\t\t<div class=\"elementor-column elementor-col-50 elementor-top-column elementor-element elementor-element-576d6b0d\" data-id=\"576d6b0d\" data-element_type=\"column\" data-e-type=\"column\">\n\t\t\t<div class=\"elementor-widget-wrap elementor-element-populated\">\n\t\t\t\t\t\t<div class=\"elementor-element elementor-element-23872834 elementor-widget elementor-widget-video\" data-id=\"23872834\" data-element_type=\"widget\" data-e-type=\"widget\" data-settings=\"{&quot;youtube_url&quot;:&quot;https:\\\/\\\/youtu.be\\\/yMKDt0-KLE4&quot;,&quot;video_type&quot;:&quot;youtube&quot;,&quot;controls&quot;:&quot;yes&quot;}\" data-widget_type=\"video.default\">\n\t\t\t\t<div class=\"elementor-widget-container\">\n\t\t\t\t\t\t\t<div class=\"elementor-wrapper elementor-open-inline\">\n\t\t\t<div class=\"elementor-video\"><\/div>\t\t<\/div>\n\t\t\t\t\t\t<\/div>\n\t\t\t\t<\/div>\n\t\t\t\t\t<\/div>\n\t\t<\/div>\n\t\t\t\t<div class=\"elementor-column elementor-col-50 elementor-top-column elementor-element elementor-element-4301fe11\" data-id=\"4301fe11\" data-element_type=\"column\" data-e-type=\"column\">\n\t\t\t<div class=\"elementor-widget-wrap elementor-element-populated\">\n\t\t\t\t\t\t<div class=\"elementor-element elementor-element-4961ca48 elementor-button-align-start elementor-widget elementor-widget-form\" data-id=\"4961ca48\" data-element_type=\"widget\" data-e-type=\"widget\" data-settings=\"{&quot;button_width&quot;:&quot;25&quot;,&quot;step_next_label&quot;:&quot;Nast\\u0119pny Krok&quot;,&quot;step_previous_label&quot;:&quot;Poprzedni Krok&quot;,&quot;step_type&quot;:&quot;number_text&quot;,&quot;step_icon_shape&quot;:&quot;circle&quot;}\" data-widget_type=\"form.default\">\n\t\t\t\t<div class=\"elementor-widget-container\">\n\t\t\t\t\t\t\t<form class=\"elementor-form\" method=\"post\" name=\"New Form\" aria-label=\"New Form\">\n\t\t\t<input type=\"hidden\" name=\"post_id\" value=\"13991\"\/>\n\t\t\t<input type=\"hidden\" name=\"form_id\" value=\"4961ca48\"\/>\n\t\t\t<input type=\"hidden\" name=\"referer_title\" value=\"Pozycjonowanie \u2013 Pozna\u0144 - IT Help Center | Kompleksowa obs\u0142uga Informatyczna dla Firm\" \/>\n\n\t\t\t\t\t\t\t<input type=\"hidden\" name=\"queried_id\" value=\"13991\"\/>\n\t\t\t\n\t\t\t<div class=\"elementor-form-fields-wrapper elementor-labels-above\">\n\t\t\t\t\t\t\t\t<div class=\"elementor-field-type-step elementor-field-group elementor-column elementor-field-group-field_7f24f99 elementor-col-100\">\n\t\t\t\t\t\t\t<div class=\"e-field-step elementor-hidden\" data-label=\"\" data-previousButton=\"\" data-nextButton=\"\" data-iconUrl=\"\" data-iconLibrary=\"fas fa-star\" data-icon=\"\" ><\/div>\n\n\t\t\t\t\t\t<\/div>\n\t\t\t\t\t\t\t\t<div class=\"elementor-field-type-textarea elementor-field-group elementor-column elementor-field-group-message elementor-col-100\">\n\t\t\t\t\t\t\t\t\t\t\t\t<label for=\"form-field-message\" class=\"elementor-field-label\">\n\t\t\t\t\t\t\t\tW czym mo\u017cemy Tobie pom\u00f3c?\t\t\t\t\t\t\t<\/label>\n\t\t\t\t\t\t<textarea class=\"elementor-field-textual elementor-field  elementor-size-sm\" name=\"form_fields[message]\" id=\"form-field-message\" rows=\"2\" placeholder=\"W czym mo\u017cemy Tobie pom\u00f3c?\"><\/textarea>\t\t\t\t<\/div>\n\t\t\t\t\t\t\t\t<div class=\"elementor-field-type-step elementor-field-group elementor-column elementor-field-group-field_9480a0f elementor-col-100\">\n\t\t\t\t\t\t\t<div class=\"e-field-step elementor-hidden\" data-label=\"\" data-previousButton=\"\" data-nextButton=\"\" data-iconUrl=\"\" data-iconLibrary=\"fas fa-star\" data-icon=\"\" ><\/div>\n\n\t\t\t\t\t\t<\/div>\n\t\t\t\t\t\t\t\t<div class=\"elementor-field-type-text elementor-field-group elementor-column elementor-field-group-field_5cd83d6 elementor-col-50 elementor-field-required\">\n\t\t\t\t\t\t\t\t\t\t\t\t<label for=\"form-field-field_5cd83d6\" class=\"elementor-field-label\">\n\t\t\t\t\t\t\t\tNumer Telefonu\t\t\t\t\t\t\t<\/label>\n\t\t\t\t\t\t\t\t\t\t\t\t\t\t<input size=\"1\" type=\"text\" name=\"form_fields[field_5cd83d6]\" id=\"form-field-field_5cd83d6\" class=\"elementor-field elementor-size-sm  elementor-field-textual\" placeholder=\"Numer Telefonu\" required=\"required\">\n\t\t\t\t\t\t\t\t\t\t\t<\/div>\n\t\t\t\t\t\t\t\t<div class=\"elementor-field-type-text elementor-field-group elementor-column elementor-field-group-field_992dd37 elementor-col-50 elementor-field-required\">\n\t\t\t\t\t\t\t\t\t\t\t\t<label for=\"form-field-field_992dd37\" class=\"elementor-field-label\">\n\t\t\t\t\t\t\t\tEmail\t\t\t\t\t\t\t<\/label>\n\t\t\t\t\t\t\t\t\t\t\t\t\t\t<input size=\"1\" type=\"text\" name=\"form_fields[field_992dd37]\" id=\"form-field-field_992dd37\" class=\"elementor-field elementor-size-sm  elementor-field-textual\" placeholder=\"Email\" required=\"required\">\n\t\t\t\t\t\t\t\t\t\t\t<\/div>\n\t\t\t\t\t\t\t\t<div class=\"elementor-field-group elementor-column elementor-field-type-submit elementor-col-25 e-form__buttons\">\n\t\t\t\t\t<button class=\"elementor-button elementor-size-sm\" type=\"submit\">\n\t\t\t\t\t\t<span class=\"elementor-button-content-wrapper\">\n\t\t\t\t\t\t\t\t\t\t\t\t\t\t\t\t\t\t\t\t\t\t<span class=\"elementor-button-text\">Wy\u015blij<\/span>\n\t\t\t\t\t\t\t\t\t\t\t\t\t<\/span>\n\t\t\t\t\t<\/button>\n\t\t\t\t<\/div>\n\t\t\t<\/div>\n\t\t<\/form>\n\t\t\t\t\t\t<\/div>\n\t\t\t\t<\/div>\n\t\t\t\t\t<\/div>\n\t\t<\/div>\n\t\t\t\t\t<\/div>\n\t\t<\/section>\n\t\t\t\t<section class=\"elementor-section elementor-top-section elementor-element elementor-element-7e5879c elementor-section-boxed elementor-section-height-default elementor-section-height-default wpr-particle-no wpr-jarallax-no wpr-parallax-no wpr-sticky-section-no\" data-id=\"7e5879c\" data-element_type=\"section\" data-e-type=\"section\">\n\t\t\t\t\t\t<div class=\"elementor-container elementor-column-gap-default\">\n\t\t\t\t\t<div class=\"elementor-column elementor-col-100 elementor-top-column elementor-element elementor-element-e5f4260\" data-id=\"e5f4260\" data-element_type=\"column\" data-e-type=\"column\">\n\t\t\t<div class=\"elementor-widget-wrap elementor-element-populated\">\n\t\t\t\t\t\t<div class=\"elementor-element elementor-element-8defe62 elementor-widget elementor-widget-google_maps\" data-id=\"8defe62\" data-element_type=\"widget\" data-e-type=\"widget\" data-widget_type=\"google_maps.default\">\n\t\t\t\t<div class=\"elementor-widget-container\">\n\t\t\t\t\t\t\t<div class=\"elementor-custom-embed\">\n\t\t\t<iframe loading=\"lazy\"\n\t\t\t\t\tsrc=\"https:\/\/maps.google.com\/maps?q=Pozna%C5%84&#038;t=m&#038;z=10&#038;output=embed&#038;iwloc=near\"\n\t\t\t\t\ttitle=\"Pozna\u0144\"\n\t\t\t\t\taria-label=\"Pozna\u0144\"\n\t\t\t><\/iframe>\n\t\t<\/div>\n\t\t\t\t\t\t<\/div>\n\t\t\t\t<\/div>\n\t\t\t\t\t<\/div>\n\t\t<\/div>\n\t\t\t\t\t<\/div>\n\t\t<\/section>\n\t\t\t\t<\/div>\n\t\t","protected":false},"excerpt":{"rendered":"<p>Pozycjonowanie Stron Pozna\u0144 Pozycjonowanie stron Pozna\u0144 niesie za sob\u0105 wysokie pozycje w wynikach wyszukiwarek jest kluczowe dla wzrostu. W IT Help Center specjalizujemy si\u0119 w optymalizacji stron internetowych dla firm dzia\u0142aj\u0105cych na Pozna\u0144 rynku. Nasz zesp\u00f3\u0142 do\u015bwiadczonych specjalist\u00f3w SEO (Search Engine Optimization) ma imponuj\u0105cy dorobek w pomaganiu lokalnym przedsi\u0119biorstwom z r\u00f3\u017cnych sektor\u00f3w w zdobywaniu wy\u017cszych pozycji w wynikach wyszukiwania. Korzystaj\u0105c z naszych us\u0142ug pozycjonowania w Pozna\u0144, zwi\u0119kszasz swoj\u0105 widoczno\u015b\u0107 w Internecie, przyci\u0105gasz wi\u0119ksz\u0105 liczb\u0119 potencjalnych klient\u00f3w i nap\u0119dzasz rozw\u00f3j swojego biznesu. Dlaczego warto wybra\u0107 IT Help Center: Lokalna wiedza: Posiadaj\u0105c dog\u0142\u0119bne zrozumienie unikalnych aspekt\u00f3w Pozna\u0144 rynku, jeste\u015bmy biegli w dostosowywaniu si\u0119 do potrzeb lokalnych przedsi\u0119biorstw. Nasza znajomo\u015b\u0107 subtelno\u015bci rynku i konkurencji pozwala nam opracowywa\u0107 spersonalizowane strategie SEO, kt\u00f3re odpowiadaj\u0105 na konkretne wymagania Twojej firmy. Wszechstronne us\u0142ugi SEO: Nasze holistyczne podej\u015bcie do SEO obejmuje zar\u00f3wno techniczne aspekty optymalizacji strony internetowej, jak i tworzenie wysokiej jako\u015bci, anga\u017cuj\u0105cych tre\u015bci. Ta zr\u00f3wnowa\u017cona strategia przyci\u0105ga potencjalnych klient\u00f3w, jednocze\u015bnie przestrzegaj\u0105c najwy\u017cszych standard\u00f3w etycznych w pozycjonowaniu stron. Transparentno\u015b\u0107 i otwarta komunikacja: W IT Help Center k\u0142adziemy nacisk na rozwijanie przejrzystych kana\u0142\u00f3w komunikacji z naszymi klientami. Dostarczaj\u0105c regularne raporty z post\u0119p\u00f3w w pozycjonowaniu, oferujemy pe\u0142n\u0105 przejrzysto\u015b\u0107 i umo\u017cliwiamy Ci kontrolowanie i kierowanie rozwojem swojej strony internetowej. Indywidualne rozwi\u0105zania: Uznaj\u0105c indywidualny charakter ka\u017cdej firmy, opracowujemy spersonalizowane strategie SEO, kt\u00f3re s\u0105 zgodne z konkretnymi potrzebami i celami ka\u017cdego klienta. Nasza szczeg\u00f3\u0142owa analiza Twojej strony internetowej, konkurent\u00f3w oraz rynku pozwala nam opracowa\u0107 najbardziej skuteczny i ukierunkowany plan dzia\u0142ania. Gwarancja zadowolenia: Twoje zadowolenie jest dla nas priorytetem, dlatego oferujemy gwarancj\u0119 satysfakcji. Je\u015bli nie osi\u0105gniemy ustalonych cel\u00f3w pozycjonowania w okre\u015blonym czasie, zwr\u00f3cimy Ci pieni\u0105dze. W skr\u00f3cie, bieg\u0142e pozycjonowanie stron internetowych w Pozna\u0144 jest niezb\u0119dne dla sukcesu Twojej firmy w sieci. Wsp\u00f3\u0142pracuj\u0105c z IT Help Center i korzystaj\u0105c z naszych profesjonalnych us\u0142ug, mo\u017cesz znacz\u0105co zwi\u0119kszy\u0107 swoj\u0105 obecno\u015b\u0107 w internecie, dotrze\u0107 do szerszej publiczno\u015bci oraz osi\u0105gn\u0105\u0107 wy\u017csze pozycje w wynikach wyszukiwania. Skontaktuj si\u0119 z nami ju\u017c dzi\u015b, aby rozpocz\u0105\u0107 przemieniaj\u0105c\u0105 podr\u00f3\u017c ku czerpaniu licznych korzy\u015bci z naszej wiedzy i do\u015bwiadczenia. https:\/\/youtu.be\/yMKDt0-KLE4<\/p>","protected":false},"author":8,"featured_media":0,"parent":0,"menu_order":0,"comment_status":"closed","ping_status":"closed","template":"","meta":{"footnotes":""},"class_list":["post-13991","page","type-page","status-publish","hentry"],"rttpg_featured_image_url":null,"rttpg_author":{"display_name":"","author_link":"https:\/\/ithelp.center\/en\/author\/"},"rttpg_comment":0,"rttpg_category":null,"rttpg_excerpt":"Pozycjonowanie Stron Pozna\u0144 Pozycjonowanie stron Pozna\u0144 niesie za sob\u0105 wysokie pozycje w wynikach wyszukiwarek jest kluczowe dla wzrostu. W IT Help Center specjalizujemy si\u0119 w optymalizacji stron internetowych dla firm dzia\u0142aj\u0105cych na Pozna\u0144 rynku. Nasz zesp\u00f3\u0142 do\u015bwiadczonych specjalist\u00f3w SEO (Search Engine Optimization) ma imponuj\u0105cy dorobek w pomaganiu lokalnym przedsi\u0119biorstwom z r\u00f3\u017cnych sektor\u00f3w w zdobywaniu wy\u017cszych&hellip;","_links":{"self":[{"href":"https:\/\/ithelp.center\/en\/wp-json\/wp\/v2\/pages\/13991","targetHints":{"allow":["GET"]}}],"collection":[{"href":"https:\/\/ithelp.center\/en\/wp-json\/wp\/v2\/pages"}],"about":[{"href":"https:\/\/ithelp.center\/en\/wp-json\/wp\/v2\/types\/page"}],"author":[{"embeddable":true,"href":"https:\/\/ithelp.center\/en\/wp-json\/wp\/v2\/users\/8"}],"replies":[{"embeddable":true,"href":"https:\/\/ithelp.center\/en\/wp-json\/wp\/v2\/comments?post=13991"}],"version-history":[{"count":0,"href":"https:\/\/ithelp.center\/en\/wp-json\/wp\/v2\/pages\/13991\/revisions"}],"wp:attachment":[{"href":"https:\/\/ithelp.center\/en\/wp-json\/wp\/v2\/media?parent=13991"}],"curies":[{"name":"wp","href":"https:\/\/api.w.org\/{rel}","templated":true}]}}