{"id":15062,"date":"2025-09-20T16:28:43","date_gmt":"2025-09-20T14:28:43","guid":{"rendered":"https:\/\/ithelp.center\/?page_id=15062"},"modified":"2025-09-22T09:59:21","modified_gmt":"2025-09-22T07:59:21","slug":"it-help-center-it-i-marketing-dla-firm","status":"publish","type":"page","link":"https:\/\/ithelp.center\/fr\/it-help-center-it-i-marketing-dla-firm\/","title":{"rendered":"IT Help Center \u2013 IT i Marketing dla Firm"},"content":{"rendered":"<div data-elementor-type=\"wp-page\" data-elementor-id=\"15062\" class=\"elementor elementor-15062\" data-elementor-post-type=\"page\">\n\t\t\t\t\t\t<section class=\"elementor-section elementor-top-section elementor-element elementor-element-cdeaaa5 elementor-section-boxed elementor-section-height-default elementor-section-height-default wpr-particle-no wpr-jarallax-no wpr-parallax-no wpr-sticky-section-no wpr-equal-height-no\" data-id=\"cdeaaa5\" data-element_type=\"section\" data-e-type=\"section\">\n\t\t\t\t\t\t<div class=\"elementor-container elementor-column-gap-default\">\n\t\t\t\t\t<div class=\"elementor-column elementor-col-100 elementor-top-column elementor-element elementor-element-dfcff79\" data-id=\"dfcff79\" data-element_type=\"column\" data-e-type=\"column\">\n\t\t\t<div class=\"elementor-widget-wrap elementor-element-populated\">\n\t\t\t\t\t\t<div class=\"elementor-element elementor-element-598b242 elementor-widget elementor-widget-heading\" data-id=\"598b242\" data-element_type=\"widget\" data-e-type=\"widget\" data-widget_type=\"heading.default\">\n\t\t\t\t<div class=\"elementor-widget-container\">\n\t\t\t\t\t<h2 class=\"elementor-heading-title elementor-size-default\">IT Help Center \u2013 Kompleksowa Obs\u0142uga IT i Marketingu dla Firm<\/h2>\t\t\t\t<\/div>\n\t\t\t\t<\/div>\n\t\t\t\t\t<\/div>\n\t\t<\/div>\n\t\t\t\t\t<\/div>\n\t\t<\/section>\n\t\t\t\t<section class=\"elementor-section elementor-top-section elementor-element elementor-element-8bd84f4 elementor-section-boxed elementor-section-height-default elementor-section-height-default wpr-particle-no wpr-jarallax-no wpr-parallax-no wpr-sticky-section-no wpr-equal-height-no\" data-id=\"8bd84f4\" data-element_type=\"section\" data-e-type=\"section\">\n\t\t\t\t\t\t<div class=\"elementor-container elementor-column-gap-default\">\n\t\t\t\t\t<div class=\"elementor-column elementor-col-100 elementor-top-column elementor-element elementor-element-daeb6f3\" data-id=\"daeb6f3\" data-element_type=\"column\" data-e-type=\"column\">\n\t\t\t<div class=\"elementor-widget-wrap elementor-element-populated\">\n\t\t\t\t\t\t<div class=\"elementor-element elementor-element-4b6ed87 elementor-widget elementor-widget-text-editor\" data-id=\"4b6ed87\" data-element_type=\"widget\" data-e-type=\"widget\" data-widget_type=\"text-editor.default\">\n\t\t\t\t<div class=\"elementor-widget-container\">\n\t\t\t\t\t\t\t\t\t<p data-start=\"611\" data-end=\"1021\"><strong data-start=\"611\" data-end=\"629\">Centre d'assistance informatique<\/strong> to centrum, w kt\u00f3rym \u0142\u0105czymy <strong data-start=\"659\" data-end=\"677\">IT i marketing<\/strong>, aby Tw\u00f3j biznes by\u0142 widoczny i skutecznie pozyskiwa\u0142 klient\u00f3w.<br data-start=\"741\" data-end=\"744\" \/>\u2705 Projektujemy nowoczesne, mobilne <strong data-start=\"779\" data-end=\"793\">strony www<\/strong><br data-start=\"793\" data-end=\"796\" \/>\u2705 Pozycjonujemy firm\u0119 w <strong data-start=\"820\" data-end=\"847\">Google i Mapach (TOP 3)<\/strong><br data-start=\"847\" data-end=\"850\" \/>\u2705 Budujemy reputacj\u0119 i zarz\u0105dzamy <strong data-start=\"884\" data-end=\"903\">opiniami online<\/strong><br data-start=\"903\" data-end=\"906\" \/>\u2705 Prowadzimy <strong data-start=\"919\" data-end=\"935\">social media<\/strong> i og\u0142oszenia bran\u017cowe<br data-start=\"957\" data-end=\"960\" \/>\u2705 Wdra\u017camy <strong data-start=\"971\" data-end=\"998\">aplikacje lojalno\u015bciowe<\/strong>, aby klienci wracali<\/p><p data-start=\"1023\" data-end=\"1096\">\ud83d\udcd1 Pobierz prezentacj\u0119 (PDF) i sprawd\u017a, jak mo\u017cemy pom\u00f3c Twojej firmie!<\/p><p data-start=\"1023\" data-end=\"1096\">\u00a0<\/p>\t\t\t\t\t\t\t\t<\/div>\n\t\t\t\t<\/div>\n\t\t\t\t<div class=\"elementor-element elementor-element-2921696 elementor-widget elementor-widget-shortcode\" data-id=\"2921696\" data-element_type=\"widget\" data-e-type=\"widget\" data-widget_type=\"shortcode.default\">\n\t\t\t\t<div class=\"elementor-widget-container\">\n\t\t\t\t\t\t\t<div class=\"elementor-shortcode\"><div class=\"_df_book df-lite\" id=\"df_15063\"  _slug=\"pobierz-prezentacje\" data-title=\"pobierz-prezentacje\" wpoptions=\"true\" thumb=\"https:\/\/ithelp.center\/wp-content\/uploads\/2025\/09\/2025-09-20_193612.png\" thumbtype=\"\" height=\"100vh\" ><\/div><script class=\"df-shortcode-script\" nowprocket type=\"application\/javascript\">window.option_df_15063 = {\"outline\":[],\"autoEnableOutline\":\"false\",\"autoEnableThumbnail\":\"false\",\"overwritePDFOutline\":\"false\",\"direction\":\"1\",\"pageSize\":\"0\",\"pageMode\":\"2\",\"singlePageMode\":\"0\",\"source\":\"https:\\\/\\\/ithelp.center\\\/wp-content\\\/uploads\\\/2025\\\/10\\\/A4-Presentation.pdf\",\"wpOptions\":\"true\"}; if(window.DFLIP && window.DFLIP.parseBooks){window.DFLIP.parseBooks();}<\/script>\n\n<\/div>\n\t\t\t\t\t\t<\/div>\n\t\t\t\t<\/div>\n\t\t\t\t\t<\/div>\n\t\t<\/div>\n\t\t\t\t\t<\/div>\n\t\t<\/section>\n\t\t\t\t<\/div>","protected":false},"excerpt":{"rendered":"<p>IT Help Center \u2013 Kompleksowa Obs\u0142uga IT i Marketingu dla Firm IT Help Center to centrum, w kt\u00f3rym \u0142\u0105czymy IT i marketing, aby Tw\u00f3j biznes by\u0142 widoczny i skutecznie pozyskiwa\u0142 klient\u00f3w.\u2705 Projektujemy nowoczesne, mobilne strony www\u2705 Pozycjonujemy firm\u0119 w Google i Mapach (TOP 3)\u2705 Budujemy reputacj\u0119 i zarz\u0105dzamy opiniami online\u2705 Prowadzimy social media i og\u0142oszenia bran\u017cowe\u2705 Wdra\u017camy aplikacje lojalno\u015bciowe, aby klienci wracali \ud83d\udcd1 Pobierz prezentacj\u0119 (PDF) i sprawd\u017a, jak mo\u017cemy pom\u00f3c Twojej firmie! \u00a0<\/p>","protected":false},"author":10,"featured_media":0,"parent":0,"menu_order":0,"comment_status":"closed","ping_status":"closed","template":"elementor_header_footer","meta":{"footnotes":""},"class_list":["post-15062","page","type-page","status-publish","hentry"],"rttpg_featured_image_url":null,"rttpg_author":{"display_name":"Peter King","author_link":"https:\/\/ithelp.center\/fr\/author\/admin2\/"},"rttpg_comment":0,"rttpg_category":null,"rttpg_excerpt":"IT Help Center \u2013 Kompleksowa Obs\u0142uga IT i Marketingu dla Firm IT Help Center to centrum, w kt\u00f3rym \u0142\u0105czymy IT i marketing, aby Tw\u00f3j biznes by\u0142 widoczny i skutecznie pozyskiwa\u0142 klient\u00f3w.\u2705 Projektujemy nowoczesne, mobilne strony www\u2705 Pozycjonujemy firm\u0119 w Google i Mapach (TOP 3)\u2705 Budujemy reputacj\u0119 i zarz\u0105dzamy opiniami online\u2705 Prowadzimy social media i og\u0142oszenia\u2026","_links":{"self":[{"href":"https:\/\/ithelp.center\/fr\/wp-json\/wp\/v2\/pages\/15062","targetHints":{"allow":["GET"]}}],"collection":[{"href":"https:\/\/ithelp.center\/fr\/wp-json\/wp\/v2\/pages"}],"about":[{"href":"https:\/\/ithelp.center\/fr\/wp-json\/wp\/v2\/types\/page"}],"author":[{"embeddable":true,"href":"https:\/\/ithelp.center\/fr\/wp-json\/wp\/v2\/users\/10"}],"replies":[{"embeddable":true,"href":"https:\/\/ithelp.center\/fr\/wp-json\/wp\/v2\/comments?post=15062"}],"version-history":[{"count":35,"href":"https:\/\/ithelp.center\/fr\/wp-json\/wp\/v2\/pages\/15062\/revisions"}],"predecessor-version":[{"id":15132,"href":"https:\/\/ithelp.center\/fr\/wp-json\/wp\/v2\/pages\/15062\/revisions\/15132"}],"wp:attachment":[{"href":"https:\/\/ithelp.center\/fr\/wp-json\/wp\/v2\/media?parent=15062"}],"curies":[{"name":"wp","href":"https:\/\/api.w.org\/{rel}","templated":true}]}}