{"id":1910,"date":"2022-04-05T14:07:10","date_gmt":"2022-04-05T12:07:10","guid":{"rendered":"http:\/\/ithelp.center\/?page_id=1910"},"modified":"2023-08-18T21:44:14","modified_gmt":"2023-08-18T19:44:14","slug":"services","status":"publish","type":"page","link":"https:\/\/ithelp.center\/fr\/services\/","title":{"rendered":"Services"},"content":{"rendered":"<div data-elementor-type=\"wp-page\" data-elementor-id=\"1910\" class=\"elementor elementor-1910\" data-elementor-post-type=\"page\">\n\t\t\t\t\t\t<section class=\"elementor-section elementor-top-section elementor-element elementor-element-7896630 elementor-section-boxed elementor-section-height-default elementor-section-height-default wpr-particle-no wpr-jarallax-no wpr-parallax-no wpr-sticky-section-no\" data-id=\"7896630\" data-element_type=\"section\" data-e-type=\"section\">\n\t\t\t\t\t\t<div class=\"elementor-container elementor-column-gap-default\">\n\t\t\t\t\t<div class=\"elementor-column elementor-col-100 elementor-top-column elementor-element elementor-element-7535c71\" data-id=\"7535c71\" data-element_type=\"column\" data-e-type=\"column\">\n\t\t\t<div class=\"elementor-widget-wrap elementor-element-populated\">\n\t\t\t\t\t\t<div class=\"elementor-element elementor-element-182a3c2 elementor-widget elementor-widget-heading\" data-id=\"182a3c2\" data-element_type=\"widget\" data-e-type=\"widget\" data-widget_type=\"heading.default\">\n\t\t\t\t<div class=\"elementor-widget-container\">\n\t\t\t\t\t<h2 class=\"elementor-heading-title elementor-size-default\">Nos services :<\/h2>\t\t\t\t<\/div>\n\t\t\t\t<\/div>\n\t\t\t\t\t<\/div>\n\t\t<\/div>\n\t\t\t\t\t<\/div>\n\t\t<\/section>\n\t\t\t\t<section class=\"elementor-section elementor-top-section elementor-element elementor-element-799aa6b elementor-section-boxed elementor-section-height-default elementor-section-height-default wpr-particle-no wpr-jarallax-no wpr-parallax-no wpr-sticky-section-no\" data-id=\"799aa6b\" data-element_type=\"section\" data-e-type=\"section\">\n\t\t\t\t\t\t<div class=\"elementor-container elementor-column-gap-default\">\n\t\t\t\t\t<div class=\"elementor-column elementor-col-25 elementor-top-column elementor-element elementor-element-8a898be\" data-id=\"8a898be\" data-element_type=\"column\" data-e-type=\"column\">\n\t\t\t<div class=\"elementor-widget-wrap elementor-element-populated\">\n\t\t\t\t\t\t<div class=\"elementor-element elementor-element-955332f elementor-widget elementor-widget-image\" data-id=\"955332f\" data-element_type=\"widget\" data-e-type=\"widget\" data-widget_type=\"image.default\">\n\t\t\t\t<div class=\"elementor-widget-container\">\n\t\t\t\t\t\t\t\t\t\t\t\t\t\t\t<img fetchpriority=\"high\" decoding=\"async\" width=\"800\" height=\"800\" src=\"https:\/\/ithelp.center\/wp-content\/uploads\/2022\/05\/it-support-1024x1024.png\" class=\"attachment-large size-large wp-image-2544\" alt=\"Centre d&#039;appels pour les ventes\" srcset=\"https:\/\/ithelp.center\/wp-content\/uploads\/2022\/05\/it-support-1024x1024.png 1024w, https:\/\/ithelp.center\/wp-content\/uploads\/2022\/05\/it-support-300x300.png 300w, https:\/\/ithelp.center\/wp-content\/uploads\/2022\/05\/it-support-100x100.png 100w, https:\/\/ithelp.center\/wp-content\/uploads\/2022\/05\/it-support-600x600.png 600w, https:\/\/ithelp.center\/wp-content\/uploads\/2022\/05\/it-support-150x150.png 150w, https:\/\/ithelp.center\/wp-content\/uploads\/2022\/05\/it-support-768x768.png 768w, https:\/\/ithelp.center\/wp-content\/uploads\/2022\/05\/it-support.png 1080w\" sizes=\"(max-width: 800px) 100vw, 800px\" title=\"\">\t\t\t\t\t\t\t\t\t\t\t\t\t\t\t<\/div>\n\t\t\t\t<\/div>\n\t\t\t\t<div class=\"elementor-element elementor-element-77b6021 elementor-widget elementor-widget-heading\" data-id=\"77b6021\" data-element_type=\"widget\" data-e-type=\"widget\" data-widget_type=\"heading.default\">\n\t\t\t\t<div class=\"elementor-widget-container\">\n\t\t\t\t\t<h2 class=\"elementor-heading-title elementor-size-default\">Services informatiques complets<\/h2>\t\t\t\t<\/div>\n\t\t\t\t<\/div>\n\t\t\t\t\t<\/div>\n\t\t<\/div>\n\t\t\t\t<div class=\"elementor-column elementor-col-25 elementor-top-column elementor-element elementor-element-644b812\" data-id=\"644b812\" data-element_type=\"column\" data-e-type=\"column\">\n\t\t\t<div class=\"elementor-widget-wrap elementor-element-populated\">\n\t\t\t\t\t\t<div class=\"elementor-element elementor-element-e91ce84 elementor-widget elementor-widget-image\" data-id=\"e91ce84\" data-element_type=\"widget\" data-e-type=\"widget\" data-widget_type=\"image.default\">\n\t\t\t\t<div class=\"elementor-widget-container\">\n\t\t\t\t\t\t\t\t\t\t\t\t\t\t\t<img decoding=\"async\" width=\"800\" height=\"800\" src=\"https:\/\/ithelp.center\/wp-content\/uploads\/2022\/05\/it-support-1-1024x1024.png\" class=\"attachment-large size-large wp-image-2546\" alt=\"Obtention de commandes pour des installations de production\" srcset=\"https:\/\/ithelp.center\/wp-content\/uploads\/2022\/05\/it-support-1-1024x1024.png 1024w, https:\/\/ithelp.center\/wp-content\/uploads\/2022\/05\/it-support-1-300x300.png 300w, https:\/\/ithelp.center\/wp-content\/uploads\/2022\/05\/it-support-1-100x100.png 100w, https:\/\/ithelp.center\/wp-content\/uploads\/2022\/05\/it-support-1-600x600.png 600w, https:\/\/ithelp.center\/wp-content\/uploads\/2022\/05\/it-support-1-150x150.png 150w, https:\/\/ithelp.center\/wp-content\/uploads\/2022\/05\/it-support-1-768x768.png 768w, https:\/\/ithelp.center\/wp-content\/uploads\/2022\/05\/it-support-1.png 1080w\" sizes=\"(max-width: 800px) 100vw, 800px\" title=\"\">\t\t\t\t\t\t\t\t\t\t\t\t\t\t\t<\/div>\n\t\t\t\t<\/div>\n\t\t\t\t<div class=\"elementor-element elementor-element-2383713 elementor-widget elementor-widget-heading\" data-id=\"2383713\" data-element_type=\"widget\" data-e-type=\"widget\" data-widget_type=\"heading.default\">\n\t\t\t\t<div class=\"elementor-widget-container\">\n\t\t\t\t\t<h2 class=\"elementor-heading-title elementor-size-default\">Augmentation du nombre de clients<\/h2>\t\t\t\t<\/div>\n\t\t\t\t<\/div>\n\t\t\t\t\t<\/div>\n\t\t<\/div>\n\t\t\t\t<div class=\"elementor-column elementor-col-25 elementor-top-column elementor-element elementor-element-fbe8862\" data-id=\"fbe8862\" data-element_type=\"column\" data-e-type=\"column\">\n\t\t\t<div class=\"elementor-widget-wrap elementor-element-populated\">\n\t\t\t\t\t\t<div class=\"elementor-element elementor-element-68d8fec elementor-widget elementor-widget-image\" data-id=\"68d8fec\" data-element_type=\"widget\" data-e-type=\"widget\" data-widget_type=\"image.default\">\n\t\t\t\t<div class=\"elementor-widget-container\">\n\t\t\t\t\t\t\t\t\t\t\t\t\t\t\t<img decoding=\"async\" width=\"800\" height=\"800\" src=\"https:\/\/ithelp.center\/wp-content\/uploads\/2022\/05\/it-support-2-1024x1024.png\" class=\"attachment-large size-large wp-image-2548\" alt=\"\" srcset=\"https:\/\/ithelp.center\/wp-content\/uploads\/2022\/05\/it-support-2-1024x1024.png 1024w, https:\/\/ithelp.center\/wp-content\/uploads\/2022\/05\/it-support-2-300x300.png 300w, https:\/\/ithelp.center\/wp-content\/uploads\/2022\/05\/it-support-2-100x100.png 100w, https:\/\/ithelp.center\/wp-content\/uploads\/2022\/05\/it-support-2-600x600.png 600w, https:\/\/ithelp.center\/wp-content\/uploads\/2022\/05\/it-support-2-150x150.png 150w, https:\/\/ithelp.center\/wp-content\/uploads\/2022\/05\/it-support-2-768x768.png 768w, https:\/\/ithelp.center\/wp-content\/uploads\/2022\/05\/it-support-2.png 1080w\" sizes=\"(max-width: 800px) 100vw, 800px\" title=\"\">\t\t\t\t\t\t\t\t\t\t\t\t\t\t\t<\/div>\n\t\t\t\t<\/div>\n\t\t\t\t<div class=\"elementor-element elementor-element-66e076a elementor-widget elementor-widget-heading\" data-id=\"66e076a\" data-element_type=\"widget\" data-e-type=\"widget\" data-widget_type=\"heading.default\">\n\t\t\t\t<div class=\"elementor-widget-container\">\n\t\t\t\t\t<h2 class=\"elementor-heading-title elementor-size-default\">Cr\u00e9ation d'une infrastructure informatique<\/h2>\t\t\t\t<\/div>\n\t\t\t\t<\/div>\n\t\t\t\t\t<\/div>\n\t\t<\/div>\n\t\t\t\t<div class=\"elementor-column elementor-col-25 elementor-top-column elementor-element elementor-element-dc8d0c8\" data-id=\"dc8d0c8\" data-element_type=\"column\" data-e-type=\"column\">\n\t\t\t<div class=\"elementor-widget-wrap elementor-element-populated\">\n\t\t\t\t\t\t<div class=\"elementor-element elementor-element-1ec4f39 elementor-widget elementor-widget-image\" data-id=\"1ec4f39\" data-element_type=\"widget\" data-e-type=\"widget\" data-widget_type=\"image.default\">\n\t\t\t\t<div class=\"elementor-widget-container\">\n\t\t\t\t\t\t\t\t\t\t\t\t\t\t\t<img loading=\"lazy\" decoding=\"async\" width=\"800\" height=\"800\" src=\"https:\/\/ithelp.center\/wp-content\/uploads\/2022\/05\/it-support-3-1024x1024.png\" class=\"attachment-large size-large wp-image-2550\" alt=\"\" srcset=\"https:\/\/ithelp.center\/wp-content\/uploads\/2022\/05\/it-support-3-1024x1024.png 1024w, https:\/\/ithelp.center\/wp-content\/uploads\/2022\/05\/it-support-3-300x300.png 300w, https:\/\/ithelp.center\/wp-content\/uploads\/2022\/05\/it-support-3-100x100.png 100w, https:\/\/ithelp.center\/wp-content\/uploads\/2022\/05\/it-support-3-600x600.png 600w, https:\/\/ithelp.center\/wp-content\/uploads\/2022\/05\/it-support-3-150x150.png 150w, https:\/\/ithelp.center\/wp-content\/uploads\/2022\/05\/it-support-3-768x768.png 768w, https:\/\/ithelp.center\/wp-content\/uploads\/2022\/05\/it-support-3.png 1080w\" sizes=\"(max-width: 800px) 100vw, 800px\" title=\"\">\t\t\t\t\t\t\t\t\t\t\t\t\t\t\t<\/div>\n\t\t\t\t<\/div>\n\t\t\t\t<div class=\"elementor-element elementor-element-d2df5e2 elementor-widget elementor-widget-heading\" data-id=\"d2df5e2\" data-element_type=\"widget\" data-e-type=\"widget\" data-widget_type=\"heading.default\">\n\t\t\t\t<div class=\"elementor-widget-container\">\n\t\t\t\t\t<h2 class=\"elementor-heading-title elementor-size-default\">Am\u00e9lioration de l'infrastructure informatique existante<\/h2>\t\t\t\t<\/div>\n\t\t\t\t<\/div>\n\t\t\t\t\t<\/div>\n\t\t<\/div>\n\t\t\t\t\t<\/div>\n\t\t<\/section>\n\t\t\t\t<section class=\"elementor-section elementor-top-section elementor-element elementor-element-1b26cce elementor-section-boxed elementor-section-height-default elementor-section-height-default wpr-particle-no wpr-jarallax-no wpr-parallax-no wpr-sticky-section-no\" data-id=\"1b26cce\" data-element_type=\"section\" data-e-type=\"section\">\n\t\t\t\t\t\t<div class=\"elementor-container elementor-column-gap-default\">\n\t\t\t\t\t<div class=\"elementor-column elementor-col-25 elementor-top-column elementor-element elementor-element-06afb56\" data-id=\"06afb56\" data-element_type=\"column\" data-e-type=\"column\">\n\t\t\t<div class=\"elementor-widget-wrap elementor-element-populated\">\n\t\t\t\t\t\t<div class=\"elementor-element elementor-element-59c3628 elementor-widget elementor-widget-image\" data-id=\"59c3628\" data-element_type=\"widget\" data-e-type=\"widget\" data-widget_type=\"image.default\">\n\t\t\t\t<div class=\"elementor-widget-container\">\n\t\t\t\t\t\t\t\t\t\t\t\t\t\t\t<img loading=\"lazy\" decoding=\"async\" width=\"800\" height=\"800\" src=\"https:\/\/ithelp.center\/wp-content\/uploads\/2022\/06\/Untitled-design-14-1024x1024.png\" class=\"attachment-large size-large wp-image-2801\" alt=\"positionnement de site web londonien\" srcset=\"https:\/\/ithelp.center\/wp-content\/uploads\/2022\/06\/Untitled-design-14-1024x1024.png 1024w, https:\/\/ithelp.center\/wp-content\/uploads\/2022\/06\/Untitled-design-14-300x300.png 300w, https:\/\/ithelp.center\/wp-content\/uploads\/2022\/06\/Untitled-design-14-100x100.png 100w, https:\/\/ithelp.center\/wp-content\/uploads\/2022\/06\/Untitled-design-14-600x600.png 600w, https:\/\/ithelp.center\/wp-content\/uploads\/2022\/06\/Untitled-design-14-150x150.png 150w, https:\/\/ithelp.center\/wp-content\/uploads\/2022\/06\/Untitled-design-14-768x768.png 768w, https:\/\/ithelp.center\/wp-content\/uploads\/2022\/06\/Untitled-design-14.png 1080w\" sizes=\"(max-width: 800px) 100vw, 800px\" title=\"\">\t\t\t\t\t\t\t\t\t\t\t\t\t\t\t<\/div>\n\t\t\t\t<\/div>\n\t\t\t\t<div class=\"elementor-element elementor-element-ca93ed2 elementor-widget elementor-widget-heading\" data-id=\"ca93ed2\" data-element_type=\"widget\" data-e-type=\"widget\" data-widget_type=\"heading.default\">\n\t\t\t\t<div class=\"elementor-widget-container\">\n\t\t\t\t\t<h2 class=\"elementor-heading-title elementor-size-default\">Positionnement<\/h2>\t\t\t\t<\/div>\n\t\t\t\t<\/div>\n\t\t\t\t\t<\/div>\n\t\t<\/div>\n\t\t\t\t<div class=\"elementor-column elementor-col-25 elementor-top-column elementor-element elementor-element-8d9ea8f\" data-id=\"8d9ea8f\" data-element_type=\"column\" data-e-type=\"column\">\n\t\t\t<div class=\"elementor-widget-wrap elementor-element-populated\">\n\t\t\t\t\t\t<div class=\"elementor-element elementor-element-b21e4e0 elementor-widget elementor-widget-image\" data-id=\"b21e4e0\" data-element_type=\"widget\" data-e-type=\"widget\" data-widget_type=\"image.default\">\n\t\t\t\t<div class=\"elementor-widget-container\">\n\t\t\t\t\t\t\t\t\t\t\t\t\t\t\t<img loading=\"lazy\" decoding=\"async\" width=\"800\" height=\"800\" src=\"https:\/\/ithelp.center\/wp-content\/uploads\/2022\/06\/Untitled-design-15-1024x1024.png\" class=\"attachment-large size-large wp-image-2803\" alt=\"annonces google\" srcset=\"https:\/\/ithelp.center\/wp-content\/uploads\/2022\/06\/Untitled-design-15-1024x1024.png 1024w, https:\/\/ithelp.center\/wp-content\/uploads\/2022\/06\/Untitled-design-15-300x300.png 300w, https:\/\/ithelp.center\/wp-content\/uploads\/2022\/06\/Untitled-design-15-100x100.png 100w, https:\/\/ithelp.center\/wp-content\/uploads\/2022\/06\/Untitled-design-15-600x600.png 600w, https:\/\/ithelp.center\/wp-content\/uploads\/2022\/06\/Untitled-design-15-150x150.png 150w, https:\/\/ithelp.center\/wp-content\/uploads\/2022\/06\/Untitled-design-15-768x768.png 768w, https:\/\/ithelp.center\/wp-content\/uploads\/2022\/06\/Untitled-design-15.png 1080w\" sizes=\"(max-width: 800px) 100vw, 800px\" title=\"\">\t\t\t\t\t\t\t\t\t\t\t\t\t\t\t<\/div>\n\t\t\t\t<\/div>\n\t\t\t\t<div class=\"elementor-element elementor-element-aba8372 elementor-widget elementor-widget-heading\" data-id=\"aba8372\" data-element_type=\"widget\" data-e-type=\"widget\" data-widget_type=\"heading.default\">\n\t\t\t\t<div class=\"elementor-widget-container\">\n\t\t\t\t\t<h2 class=\"elementor-heading-title elementor-size-default\">Annonces sur les moteurs de recherche<\/h2>\t\t\t\t<\/div>\n\t\t\t\t<\/div>\n\t\t\t\t\t<\/div>\n\t\t<\/div>\n\t\t\t\t<div class=\"elementor-column elementor-col-25 elementor-top-column elementor-element elementor-element-c8c5731\" data-id=\"c8c5731\" data-element_type=\"column\" data-e-type=\"column\">\n\t\t\t<div class=\"elementor-widget-wrap elementor-element-populated\">\n\t\t\t\t\t\t<div class=\"elementor-element elementor-element-7b73dab elementor-widget elementor-widget-image\" data-id=\"7b73dab\" data-element_type=\"widget\" data-e-type=\"widget\" data-widget_type=\"image.default\">\n\t\t\t\t<div class=\"elementor-widget-container\">\n\t\t\t\t\t\t\t\t\t\t\t\t\t\t\t<img loading=\"lazy\" decoding=\"async\" width=\"800\" height=\"800\" src=\"https:\/\/ithelp.center\/wp-content\/uploads\/2022\/06\/Untitled-design-16-1024x1024.png\" class=\"attachment-large size-large wp-image-2807\" alt=\"Courrier\" srcset=\"https:\/\/ithelp.center\/wp-content\/uploads\/2022\/06\/Untitled-design-16-1024x1024.png 1024w, https:\/\/ithelp.center\/wp-content\/uploads\/2022\/06\/Untitled-design-16-300x300.png 300w, https:\/\/ithelp.center\/wp-content\/uploads\/2022\/06\/Untitled-design-16-100x100.png 100w, https:\/\/ithelp.center\/wp-content\/uploads\/2022\/06\/Untitled-design-16-600x600.png 600w, https:\/\/ithelp.center\/wp-content\/uploads\/2022\/06\/Untitled-design-16-150x150.png 150w, https:\/\/ithelp.center\/wp-content\/uploads\/2022\/06\/Untitled-design-16-768x768.png 768w, https:\/\/ithelp.center\/wp-content\/uploads\/2022\/06\/Untitled-design-16.png 1080w\" sizes=\"(max-width: 800px) 100vw, 800px\" title=\"\">\t\t\t\t\t\t\t\t\t\t\t\t\t\t\t<\/div>\n\t\t\t\t<\/div>\n\t\t\t\t<div class=\"elementor-element elementor-element-bf044e1 elementor-widget elementor-widget-heading\" data-id=\"bf044e1\" data-element_type=\"widget\" data-e-type=\"widget\" data-widget_type=\"heading.default\">\n\t\t\t\t<div class=\"elementor-widget-container\">\n\t\t\t\t\t<h2 class=\"elementor-heading-title elementor-size-default\">Cr\u00e9ation de bases de donn\u00e9es de contacts<\/h2>\t\t\t\t<\/div>\n\t\t\t\t<\/div>\n\t\t\t\t\t<\/div>\n\t\t<\/div>\n\t\t\t\t<div class=\"elementor-column elementor-col-25 elementor-top-column elementor-element elementor-element-378feb0\" data-id=\"378feb0\" data-element_type=\"column\" data-e-type=\"column\">\n\t\t\t<div class=\"elementor-widget-wrap elementor-element-populated\">\n\t\t\t\t\t\t<div class=\"elementor-element elementor-element-2573e63 elementor-widget elementor-widget-image\" data-id=\"2573e63\" data-element_type=\"widget\" data-e-type=\"widget\" data-widget_type=\"image.default\">\n\t\t\t\t<div class=\"elementor-widget-container\">\n\t\t\t\t\t\t\t\t\t\t\t\t\t\t\t<img loading=\"lazy\" decoding=\"async\" width=\"800\" height=\"800\" src=\"https:\/\/ithelp.center\/wp-content\/uploads\/2022\/06\/Untitled-design-17-1024x1024.png\" class=\"attachment-large size-large wp-image-2808\" alt=\"\" srcset=\"https:\/\/ithelp.center\/wp-content\/uploads\/2022\/06\/Untitled-design-17-1024x1024.png 1024w, https:\/\/ithelp.center\/wp-content\/uploads\/2022\/06\/Untitled-design-17-300x300.png 300w, https:\/\/ithelp.center\/wp-content\/uploads\/2022\/06\/Untitled-design-17-100x100.png 100w, https:\/\/ithelp.center\/wp-content\/uploads\/2022\/06\/Untitled-design-17-600x600.png 600w, https:\/\/ithelp.center\/wp-content\/uploads\/2022\/06\/Untitled-design-17-150x150.png 150w, https:\/\/ithelp.center\/wp-content\/uploads\/2022\/06\/Untitled-design-17-768x768.png 768w, https:\/\/ithelp.center\/wp-content\/uploads\/2022\/06\/Untitled-design-17.png 1080w\" sizes=\"(max-width: 800px) 100vw, 800px\" title=\"\">\t\t\t\t\t\t\t\t\t\t\t\t\t\t\t<\/div>\n\t\t\t\t<\/div>\n\t\t\t\t<div class=\"elementor-element elementor-element-143a840 elementor-widget elementor-widget-heading\" data-id=\"143a840\" data-element_type=\"widget\" data-e-type=\"widget\" data-widget_type=\"heading.default\">\n\t\t\t\t<div class=\"elementor-widget-container\">\n\t\t\t\t\t<h2 class=\"elementor-heading-title elementor-size-default\">Cr\u00e9ation de sites web et de boutiques<\/h2>\t\t\t\t<\/div>\n\t\t\t\t<\/div>\n\t\t\t\t\t<\/div>\n\t\t<\/div>\n\t\t\t\t\t<\/div>\n\t\t<\/section>\n\t\t\t\t<section class=\"elementor-section elementor-top-section elementor-element elementor-element-6bcedb8 elementor-section-boxed elementor-section-height-default elementor-section-height-default wpr-particle-no wpr-jarallax-no wpr-parallax-no wpr-sticky-section-no\" data-id=\"6bcedb8\" data-element_type=\"section\" data-e-type=\"section\">\n\t\t\t\t\t\t<div class=\"elementor-container elementor-column-gap-default\">\n\t\t\t\t\t<div class=\"elementor-column elementor-col-100 elementor-top-column elementor-element elementor-element-78a4dbd\" data-id=\"78a4dbd\" data-element_type=\"column\" data-e-type=\"column\">\n\t\t\t<div class=\"elementor-widget-wrap elementor-element-populated\">\n\t\t\t\t\t\t<div class=\"elementor-element elementor-element-2cb0ac0 elementor-widget elementor-widget-heading\" data-id=\"2cb0ac0\" data-element_type=\"widget\" data-e-type=\"widget\" data-widget_type=\"heading.default\">\n\t\t\t\t<div class=\"elementor-widget-container\">\n\t\t\t\t\t<h4 class=\"elementor-heading-title elementor-size-default\">Demande de consultation gratuite<\/h4>\t\t\t\t<\/div>\n\t\t\t\t<\/div>\n\t\t\t\t<div class=\"elementor-element elementor-element-e90a6b5 elementor-widget elementor-widget-heading\" data-id=\"e90a6b5\" data-element_type=\"widget\" data-e-type=\"widget\" data-widget_type=\"heading.default\">\n\t\t\t\t<div class=\"elementor-widget-container\">\n\t\t\t\t\t<h3 class=\"elementor-heading-title elementor-size-default\">T\u00e9l : +48510475903<\/h3>\t\t\t\t<\/div>\n\t\t\t\t<\/div>\n\t\t\t\t\t<\/div>\n\t\t<\/div>\n\t\t\t\t\t<\/div>\n\t\t<\/section>\n\t\t\t\t<section class=\"elementor-section elementor-top-section elementor-element elementor-element-03a1025 elementor-section-boxed elementor-section-height-default elementor-section-height-default wpr-particle-no wpr-jarallax-no wpr-parallax-no wpr-sticky-section-no elementor-invisible\" data-id=\"03a1025\" data-element_type=\"section\" data-e-type=\"section\" data-settings=\"{&quot;animation&quot;:&quot;bounceIn&quot;}\">\n\t\t\t\t\t\t<div class=\"elementor-container elementor-column-gap-default\">\n\t\t\t\t\t<div class=\"elementor-column elementor-col-100 elementor-top-column elementor-element elementor-element-ad63566\" data-id=\"ad63566\" data-element_type=\"column\" data-e-type=\"column\">\n\t\t\t<div class=\"elementor-widget-wrap elementor-element-populated\">\n\t\t\t\t\t\t<div class=\"elementor-element elementor-element-55d253f elementor-widget elementor-widget-heading\" data-id=\"55d253f\" data-element_type=\"widget\" data-e-type=\"widget\" data-widget_type=\"heading.default\">\n\t\t\t\t<div class=\"elementor-widget-container\">\n\t\t\t\t\t<h2 class=\"elementor-heading-title elementor-size-default\">Garantie de fiabilit\u00e9 :<\/h2>\t\t\t\t<\/div>\n\t\t\t\t<\/div>\n\t\t\t\t\t<\/div>\n\t\t<\/div>\n\t\t\t\t\t<\/div>\n\t\t<\/section>\n\t\t\t\t<section class=\"elementor-section elementor-top-section elementor-element elementor-element-36c65ce elementor-section-boxed elementor-section-height-default elementor-section-height-default wpr-particle-no wpr-jarallax-no wpr-parallax-no wpr-sticky-section-no elementor-invisible\" data-id=\"36c65ce\" data-element_type=\"section\" data-e-type=\"section\" data-settings=\"{&quot;animation&quot;:&quot;bounceIn&quot;}\">\n\t\t\t\t\t\t<div class=\"elementor-container elementor-column-gap-default\">\n\t\t\t\t\t<div class=\"elementor-column elementor-col-100 elementor-top-column elementor-element elementor-element-f40d0e4\" data-id=\"f40d0e4\" data-element_type=\"column\" data-e-type=\"column\">\n\t\t\t<div class=\"elementor-widget-wrap elementor-element-populated\">\n\t\t\t\t\t\t<div class=\"elementor-element elementor-element-8c14c09 elementor-align-start elementor-list-item-link-inline elementor-icon-list--layout-traditional elementor-widget elementor-widget-icon-list\" data-id=\"8c14c09\" data-element_type=\"widget\" data-e-type=\"widget\" data-widget_type=\"icon-list.default\">\n\t\t\t\t<div class=\"elementor-widget-container\">\n\t\t\t\t\t\t\t<ul class=\"elementor-icon-list-items\">\n\t\t\t\t\t\t\t<li class=\"elementor-icon-list-item\">\n\t\t\t\t\t\t\t\t\t\t\t<span class=\"elementor-icon-list-icon\">\n\t\t\t\t\t\t\t<i aria-hidden=\"true\" class=\"fas fa-check\"><\/i>\t\t\t\t\t\t<\/span>\n\t\t\t\t\t\t\t\t\t\t<span class=\"elementor-icon-list-text\">Vous aurez votre propre mentor technique auquel vous aurez acc\u00e8s 6 jours par semaine.<\/span>\n\t\t\t\t\t\t\t\t\t<\/li>\n\t\t\t\t\t\t\t\t<li class=\"elementor-icon-list-item\">\n\t\t\t\t\t\t\t\t\t\t\t<span class=\"elementor-icon-list-icon\">\n\t\t\t\t\t\t\t<i aria-hidden=\"true\" class=\"fas fa-check\"><\/i>\t\t\t\t\t\t<\/span>\n\t\t\t\t\t\t\t\t\t\t<span class=\"elementor-icon-list-text\">Nous r\u00e9pondrons \u00e0 toutes vos questions techniques et vous indiquerons la m\u00e9thode la plus efficace pour r\u00e9soudre votre probl\u00e8me.<\/span>\n\t\t\t\t\t\t\t\t\t<\/li>\n\t\t\t\t\t\t\t\t<li class=\"elementor-icon-list-item\">\n\t\t\t\t\t\t\t\t\t\t\t<span class=\"elementor-icon-list-icon\">\n\t\t\t\t\t\t\t<i aria-hidden=\"true\" class=\"fas fa-check\"><\/i>\t\t\t\t\t\t<\/span>\n\t\t\t\t\t\t\t\t\t\t<span class=\"elementor-icon-list-text\">Vous b\u00e9n\u00e9ficierez d'un service client\u00e8le excellent et sp\u00e9cifique.<\/span>\n\t\t\t\t\t\t\t\t\t<\/li>\n\t\t\t\t\t\t\t\t<li class=\"elementor-icon-list-item\">\n\t\t\t\t\t\t\t\t\t\t\t<span class=\"elementor-icon-list-icon\">\n\t\t\t\t\t\t\t<i aria-hidden=\"true\" class=\"fas fa-check\"><\/i>\t\t\t\t\t\t<\/span>\n\t\t\t\t\t\t\t\t\t\t<span class=\"elementor-icon-list-text\">Et tout cela sans devoir signer de contrat<\/span>\n\t\t\t\t\t\t\t\t\t<\/li>\n\t\t\t\t\t\t<\/ul>\n\t\t\t\t\t\t<\/div>\n\t\t\t\t<\/div>\n\t\t\t\t\t<\/div>\n\t\t<\/div>\n\t\t\t\t\t<\/div>\n\t\t<\/section>\n\t\t\t\t<\/div>","protected":false},"excerpt":{"rendered":"<p>Nasze Us\u0142ugi : Kompleksowa Obs\u0142uga Informatyczna Zwi\u0119kszanie Ilo\u015bci Klient\u00f3w Tworzenie Infrastruktury IT Usprawnianie Istniej\u0105cej Infrastruktury IT Pozycjonowanie Reklamy w Wyszukiwarkach Budowanie Baz Kontakt\u00f3w Tworzenie Stron i Sklep\u00f3w Zam\u00f3w Darmow\u0105 Konsultacje Tel: +48510475903 Gwarancja rzetelno\u015bci: Otrzymasz swojego technicznego opiekuna do kt\u00f3rego b\u0119dziesz mia\u0142 dost\u0119p 6 dni w tygodniu. Udzielimy Tobie odpowiedzi na wszystkie techniczne pytania oraz przedstawimy najskuteczniejsz\u0105 metod\u0119 na rozwi\u0105zanie Twojego problemu. Otrzymasz \u015bwietn\u0105 i konkretn\u0105 obs\u0142ug\u0119 klienta. A wszystko to bez konieczno\u015bci podpisywania umowy<\/p>","protected":false},"author":1,"featured_media":0,"parent":0,"menu_order":0,"comment_status":"closed","ping_status":"closed","template":"elementor_header_footer","meta":{"footnotes":""},"class_list":["post-1910","page","type-page","status-publish","hentry"],"rttpg_featured_image_url":null,"rttpg_author":{"display_name":"Administrator","author_link":"https:\/\/ithelp.center\/fr\/author\/administrator\/"},"rttpg_comment":0,"rttpg_category":null,"rttpg_excerpt":"Nasze Us\u0142ugi : Kompleksowa Obs\u0142uga Informatyczna Zwi\u0119kszanie Ilo\u015bci Klient\u00f3w Tworzenie Infrastruktury IT Usprawnianie Istniej\u0105cej Infrastruktury IT Pozycjonowanie Reklamy w Wyszukiwarkach Budowanie Baz Kontakt\u00f3w Tworzenie Stron i Sklep\u00f3w Zam\u00f3w Darmow\u0105 Konsultacje Tel: +48510475903 Gwarancja rzetelno\u015bci: Otrzymasz swojego technicznego opiekuna do kt\u00f3rego b\u0119dziesz mia\u0142 dost\u0119p 6 dni w tygodniu. Udzielimy Tobie odpowiedzi na wszystkie techniczne pytania oraz\u2026","_links":{"self":[{"href":"https:\/\/ithelp.center\/fr\/wp-json\/wp\/v2\/pages\/1910","targetHints":{"allow":["GET"]}}],"collection":[{"href":"https:\/\/ithelp.center\/fr\/wp-json\/wp\/v2\/pages"}],"about":[{"href":"https:\/\/ithelp.center\/fr\/wp-json\/wp\/v2\/types\/page"}],"author":[{"embeddable":true,"href":"https:\/\/ithelp.center\/fr\/wp-json\/wp\/v2\/users\/1"}],"replies":[{"embeddable":true,"href":"https:\/\/ithelp.center\/fr\/wp-json\/wp\/v2\/comments?post=1910"}],"version-history":[{"count":0,"href":"https:\/\/ithelp.center\/fr\/wp-json\/wp\/v2\/pages\/1910\/revisions"}],"wp:attachment":[{"href":"https:\/\/ithelp.center\/fr\/wp-json\/wp\/v2\/media?parent=1910"}],"curies":[{"name":"wp","href":"https:\/\/api.w.org\/{rel}","templated":true}]}}