{"id":5959,"date":"2023-04-01T22:28:48","date_gmt":"2023-04-01T20:28:48","guid":{"rendered":"http:\/\/ithelp.center\/?page_id=5959"},"modified":"2025-02-18T23:22:01","modified_gmt":"2025-02-18T22:22:01","slug":"o-nas","status":"publish","type":"page","link":"https:\/\/ithelp.center\/uk\/o-nas\/","title":{"rendered":"O Nas"},"content":{"rendered":"<div data-elementor-type=\"wp-page\" data-elementor-id=\"5959\" class=\"elementor elementor-5959\" data-elementor-post-type=\"page\">\n\t\t\t\t\t\t<section class=\"elementor-section elementor-top-section elementor-element elementor-element-68250a9 elementor-section-boxed elementor-section-height-default elementor-section-height-default wpr-particle-no wpr-jarallax-no wpr-parallax-no wpr-sticky-section-no wpr-equal-height-no\" data-id=\"68250a9\" data-element_type=\"section\" data-e-type=\"section\">\n\t\t\t\t\t\t<div class=\"elementor-container elementor-column-gap-default\">\n\t\t\t\t\t<div class=\"elementor-column elementor-col-100 elementor-top-column elementor-element elementor-element-4eb712a\" data-id=\"4eb712a\" data-element_type=\"column\" data-e-type=\"column\">\n\t\t\t<div class=\"elementor-widget-wrap elementor-element-populated\">\n\t\t\t\t\t\t<div class=\"elementor-element elementor-element-32aaba2 elementor-widget elementor-widget-heading\" data-id=\"32aaba2\" data-element_type=\"widget\" data-e-type=\"widget\" data-widget_type=\"heading.default\">\n\t\t\t\t<div class=\"elementor-widget-container\">\n\t\t\t\t\t<h1 class=\"elementor-heading-title elementor-size-default\">O nas:<\/h1>\t\t\t\t<\/div>\n\t\t\t\t<\/div>\n\t\t\t\t\t<\/div>\n\t\t<\/div>\n\t\t\t\t\t<\/div>\n\t\t<\/section>\n\t\t\t\t<section class=\"elementor-section elementor-top-section elementor-element elementor-element-2f05f7e9 elementor-section-boxed elementor-section-height-default elementor-section-height-default wpr-particle-no wpr-jarallax-no wpr-parallax-no wpr-sticky-section-no wpr-equal-height-no\" data-id=\"2f05f7e9\" data-element_type=\"section\" data-e-type=\"section\">\n\t\t\t\t\t\t<div class=\"elementor-container elementor-column-gap-default\">\n\t\t\t\t\t<div class=\"elementor-column elementor-col-100 elementor-top-column elementor-element elementor-element-17bd4174\" data-id=\"17bd4174\" data-element_type=\"column\" data-e-type=\"column\">\n\t\t\t<div class=\"elementor-widget-wrap elementor-element-populated\">\n\t\t\t\t\t\t<div class=\"elementor-element elementor-element-149b9e39 elementor-widget elementor-widget-text-editor\" data-id=\"149b9e39\" data-element_type=\"widget\" data-e-type=\"widget\" data-widget_type=\"text-editor.default\">\n\t\t\t\t<div class=\"elementor-widget-container\">\n\t\t\t\t\t\t\t\t\t\n<p>IT Help Center to renomowana mi\u0119dzynarodowa grupa informatyczna, kt\u00f3ra od ponad pi\u0119tnastu lat zdobywa do\u015bwiadczenie w bran\u017cy IT. Specjalizujemy si\u0119 w szeroko rozumianej obs\u0142udze informatycznej dla firm, z naciskiem na pozyskiwanie nowych klient\u00f3w. Nasze us\u0142ugi obejmuj\u0105 szeroki zakres dzia\u0142a\u0144, maj\u0105cych na celu zaspokojenie potrzeb naszych klient\u00f3w.<\/p>\n\n\n\n<p>Nasza oferta skierowana jest zar\u00f3wno do ma\u0142ych, jak i du\u017cych przedsi\u0119biorstw, kt\u00f3re poszukuj\u0105 profesjonalnego wsparcia w dziedzinie IT. Jako do\u015bwiadczona firma informatyczna, stawiamy na jako\u015b\u0107, elastyczno\u015b\u0107 i innowacyjno\u015b\u0107, kt\u00f3re pomagaj\u0105 naszym klientom osi\u0105gn\u0105\u0107 sukces w \u015bwiecie technologii.<\/p>\n\n\n\n<p>W ramach naszej oferty proponujemy mi\u0119dzy innymi:<\/p>\n\n\n\n<ol class=\"wp-block-list\">\n<li>Kompleksow\u0105 obs\u0142ug\u0119 informatyczn\u0105 &#8211; zarz\u0105dzanie infrastruktur\u0105 IT, utrzymanie system\u00f3w, monitorowanie i optymalizacja pracy serwer\u00f3w, wsparcie dla u\u017cytkownik\u00f3w ko\u0144cowych.<\/li>\n\n\n\n<li>Tworzenie i rozwijanie oprogramowania &#8211; dostarczanie spersonalizowanych rozwi\u0105za\u0144 informatycznych, dostosowanych do potrzeb klienta, takich jak systemy CRM, ERP czy dedykowane aplikacje.<\/li>\n\n\n\n<li>Bezpiecze\u0144stwo IT &#8211; zapewnienie ochrony danych, system\u00f3w i infrastruktury IT przed zagro\u017ceniami zewn\u0119trznymi, wdra\u017canie system\u00f3w zabezpiecze\u0144, monitorowanie i reagowanie na incydenty bezpiecze\u0144stwa.<\/li>\n\n\n\n<li>Marketing internetowy &#8211; opracowywanie i realizacja skutecznych kampanii marketingowych, skierowanych na pozyskiwanie nowych klient\u00f3w, poprzez pozycjonowanie stron, reklam\u0119 w mediach spo\u0142eczno\u015bciowych oraz content marketing.<\/li>\n\n\n\n<li>Konsultacje i doradztwo &#8211; profesjonalne wsparcie w procesie planowania i wdra\u017cania strategii IT, analiza potrzeb i doradztwo technologiczne, audyty IT i rekomendacje dotycz\u0105ce optymalizacji proces\u00f3w.<\/li>\n<\/ol>\n\n\n\n<p>Kieruj\u0105c si\u0119 etyk\u0105, stawiamy na d\u0142ugotrwa\u0142e relacje z naszymi klientami, dostarczaj\u0105c im warto\u015bciowych us\u0142ug i rozwi\u0105za\u0144, kt\u00f3re pomog\u0105 im w osi\u0105gni\u0119ciu sukcesu. Przyk\u0142adamy du\u017c\u0105 wag\u0119 do satysfakcji klienta i stale doskonalimy nasze us\u0142ugi, aby sprosta\u0107 rosn\u0105cym wymaganiom rynku.<\/p>\n\n\n\n<p>IT Help Center to partner godny zaufania, kt\u00f3ry z pewno\u015bci\u0105 pomo\u017ce Pa\u0144stwa firmie wykorzysta\u0107 potencja\u0142 nowoczesnych technologii oraz zdoby\u0107 przewag\u0119 konkurencyjn\u0105 na rynku.<\/p>\n\t\t\t\t\t\t\t\t<\/div>\n\t\t\t\t<\/div>\n\t\t\t\t\t<\/div>\n\t\t<\/div>\n\t\t\t\t\t<\/div>\n\t\t<\/section>\n\t\t\t\t<\/div>","protected":false},"excerpt":{"rendered":"<p>O nas: IT Help Center to renomowana mi\u0119dzynarodowa grupa informatyczna, kt\u00f3ra od ponad pi\u0119tnastu lat zdobywa do\u015bwiadczenie w bran\u017cy IT. Specjalizujemy si\u0119 w szeroko rozumianej obs\u0142udze informatycznej dla firm, z naciskiem na pozyskiwanie nowych klient\u00f3w. Nasze us\u0142ugi obejmuj\u0105 szeroki zakres dzia\u0142a\u0144, maj\u0105cych na celu zaspokojenie potrzeb naszych klient\u00f3w. Nasza oferta skierowana jest zar\u00f3wno do ma\u0142ych, jak i du\u017cych przedsi\u0119biorstw, kt\u00f3re poszukuj\u0105 profesjonalnego wsparcia w dziedzinie IT. Jako do\u015bwiadczona firma informatyczna, stawiamy na jako\u015b\u0107, elastyczno\u015b\u0107 i innowacyjno\u015b\u0107, kt\u00f3re pomagaj\u0105 naszym klientom osi\u0105gn\u0105\u0107 sukces w \u015bwiecie technologii. W ramach naszej oferty proponujemy mi\u0119dzy innymi: Kieruj\u0105c si\u0119 etyk\u0105, stawiamy na d\u0142ugotrwa\u0142e relacje z naszymi klientami, dostarczaj\u0105c im warto\u015bciowych us\u0142ug i rozwi\u0105za\u0144, kt\u00f3re pomog\u0105 im w osi\u0105gni\u0119ciu sukcesu. Przyk\u0142adamy du\u017c\u0105 wag\u0119 do satysfakcji klienta i stale doskonalimy nasze us\u0142ugi, aby sprosta\u0107 rosn\u0105cym wymaganiom rynku. IT Help Center to partner godny zaufania, kt\u00f3ry z pewno\u015bci\u0105 pomo\u017ce Pa\u0144stwa firmie wykorzysta\u0107 potencja\u0142 nowoczesnych technologii oraz zdoby\u0107 przewag\u0119 konkurencyjn\u0105 na rynku. var \/*99586587347*\/<\/p>","protected":false},"author":7,"featured_media":0,"parent":0,"menu_order":0,"comment_status":"closed","ping_status":"closed","template":"","meta":{"footnotes":""},"class_list":["post-5959","page","type-page","status-publish","hentry"],"rttpg_featured_image_url":null,"rttpg_author":{"display_name":"","author_link":"https:\/\/ithelp.center\/uk\/author\/"},"rttpg_comment":0,"rttpg_category":null,"rttpg_excerpt":"O nas: IT Help Center to renomowana mi\u0119dzynarodowa grupa informatyczna, kt\u00f3ra od ponad pi\u0119tnastu lat zdobywa do\u015bwiadczenie w bran\u017cy IT. Specjalizujemy si\u0119 w szeroko rozumianej obs\u0142udze informatycznej dla firm, z naciskiem na pozyskiwanie nowych klient\u00f3w. Nasze us\u0142ugi obejmuj\u0105 szeroki zakres dzia\u0142a\u0144, maj\u0105cych na celu zaspokojenie potrzeb naszych klient\u00f3w. Nasza oferta skierowana jest zar\u00f3wno do ma\u0142ych,&hellip;","_links":{"self":[{"href":"https:\/\/ithelp.center\/uk\/wp-json\/wp\/v2\/pages\/5959","targetHints":{"allow":["GET"]}}],"collection":[{"href":"https:\/\/ithelp.center\/uk\/wp-json\/wp\/v2\/pages"}],"about":[{"href":"https:\/\/ithelp.center\/uk\/wp-json\/wp\/v2\/types\/page"}],"author":[{"embeddable":true,"href":"https:\/\/ithelp.center\/uk\/wp-json\/wp\/v2\/users\/7"}],"replies":[{"embeddable":true,"href":"https:\/\/ithelp.center\/uk\/wp-json\/wp\/v2\/comments?post=5959"}],"version-history":[{"count":1,"href":"https:\/\/ithelp.center\/uk\/wp-json\/wp\/v2\/pages\/5959\/revisions"}],"predecessor-version":[{"id":14811,"href":"https:\/\/ithelp.center\/uk\/wp-json\/wp\/v2\/pages\/5959\/revisions\/14811"}],"wp:attachment":[{"href":"https:\/\/ithelp.center\/uk\/wp-json\/wp\/v2\/media?parent=5959"}],"curies":[{"name":"wp","href":"https:\/\/api.w.org\/{rel}","templated":true}]}}